{"id":167,"date":"2022-10-27T11:35:54","date_gmt":"2022-10-27T09:35:54","guid":{"rendered":"http:\/\/www.baketa.fr\/?page_id=167"},"modified":"2024-04-09T09:56:16","modified_gmt":"2024-04-09T07:56:16","slug":"contact","status":"publish","type":"page","link":"https:\/\/www.baketa.fr\/index.php\/contact\/","title":{"rendered":"CONTACT"},"content":{"rendered":"\t\t<div data-elementor-type=\"wp-post\" data-elementor-id=\"167\" class=\"elementor elementor-167\">\n\t\t\t\t\t\t<section class=\"elementor-section elementor-inner-section elementor-element elementor-element-8f74126 elementor-section-boxed elementor-section-height-default elementor-section-height-default\" data-id=\"8f74126\" data-element_type=\"section\">\n\t\t\t\t\t\t<div class=\"elementor-container elementor-column-gap-default\">\n\t\t\t\t\t<div class=\"elementor-column elementor-col-33 elementor-inner-column elementor-element elementor-element-0f6eb8b\" data-id=\"0f6eb8b\" data-element_type=\"column\">\n\t\t\t<div class=\"elementor-widget-wrap elementor-element-populated\">\n\t\t\t\t\t\t<div class=\"elementor-element elementor-element-3e47917 elementor-widget__width-initial elementor-widget elementor-widget-heading\" data-id=\"3e47917\" data-element_type=\"widget\" data-widget_type=\"heading.default\">\n\t\t\t\t<div class=\"elementor-widget-container\">\n\t\t\t<style>\/*! elementor - v3.20.0 - 26-03-2024 *\/\n.elementor-heading-title{padding:0;margin:0;line-height:1}.elementor-widget-heading .elementor-heading-title[class*=elementor-size-]>a{color:inherit;font-size:inherit;line-height:inherit}.elementor-widget-heading .elementor-heading-title.elementor-size-small{font-size:15px}.elementor-widget-heading .elementor-heading-title.elementor-size-medium{font-size:19px}.elementor-widget-heading .elementor-heading-title.elementor-size-large{font-size:29px}.elementor-widget-heading .elementor-heading-title.elementor-size-xl{font-size:39px}.elementor-widget-heading .elementor-heading-title.elementor-size-xxl{font-size:59px}<\/style><h2 class=\"elementor-heading-title elementor-size-default\">Contactez-moi<\/h2>\t\t<\/div>\n\t\t\t\t<\/div>\n\t\t\t\t<div class=\"elementor-element elementor-element-9e7d355 elementor-widget__width-initial elementor-widget elementor-widget-text-editor\" data-id=\"9e7d355\" data-element_type=\"widget\" data-widget_type=\"text-editor.default\">\n\t\t\t\t<div class=\"elementor-widget-container\">\n\t\t\t<style>\/*! elementor - v3.20.0 - 26-03-2024 *\/\n.elementor-widget-text-editor.elementor-drop-cap-view-stacked .elementor-drop-cap{background-color:#69727d;color:#fff}.elementor-widget-text-editor.elementor-drop-cap-view-framed .elementor-drop-cap{color:#69727d;border:3px solid;background-color:transparent}.elementor-widget-text-editor:not(.elementor-drop-cap-view-default) .elementor-drop-cap{margin-top:8px}.elementor-widget-text-editor:not(.elementor-drop-cap-view-default) .elementor-drop-cap-letter{width:1em;height:1em}.elementor-widget-text-editor .elementor-drop-cap{float:left;text-align:center;line-height:1;font-size:50px}.elementor-widget-text-editor .elementor-drop-cap-letter{display:inline-block}<\/style>\t\t\t\t<p><b><br><\/b><\/p><p><b>Vous \u00eates un restaurateur ou un caviste parisien ?<\/b><\/p>\n<p><b><br><\/b><\/p>\n<p>Vous recherchez des vins d&rsquo;exception pour vos clients ? Contactez-moi d\u00e8s aujourd&rsquo;hui pour d\u00e9couvrir ma s\u00e9lection et convenir d&rsquo;un rendez-vous de d\u00e9gustation.<\/p>\n<p><b><br><\/b><\/p>\n<p><b>Vous \u00eates un vigneron en bio ou en biodynamie ?<\/b><\/p>\n<p><b><br><\/b><\/p>\n<p>Vous souhaitez distribuer vos vins sur Paris et sa petite couronne de fa\u00e7on s\u00e9lective et qualitative ? Je suis attentif et \u00e0 la recherche du prochain coup de c\u0153ur pour enrichir ma s\u00e9lection. Contactez-moi pour en savoir plus.<\/p>\t\t\t\t\t\t<\/div>\n\t\t\t\t<\/div>\n\t\t\t\t\t<\/div>\n\t\t<\/div>\n\t\t\t\t<div class=\"elementor-column elementor-col-66 elementor-inner-column elementor-element elementor-element-3605eb2\" data-id=\"3605eb2\" data-element_type=\"column\">\n\t\t\t<div class=\"elementor-widget-wrap elementor-element-populated\">\n\t\t\t\t\t\t<div class=\"elementor-element elementor-element-c26f7cd elementor-widget__width-inherit elementor-widget elementor-widget-image\" data-id=\"c26f7cd\" data-element_type=\"widget\" data-widget_type=\"image.default\">\n\t\t\t\t<div class=\"elementor-widget-container\">\n\t\t\t<style>\/*! elementor - v3.20.0 - 26-03-2024 *\/\n.elementor-widget-image{text-align:center}.elementor-widget-image a{display:inline-block}.elementor-widget-image a img[src$=\".svg\"]{width:48px}.elementor-widget-image img{vertical-align:middle;display:inline-block}<\/style>\t\t\t\t\t\t\t\t\t\t<img fetchpriority=\"high\" decoding=\"async\" width=\"750\" height=\"1000\" src=\"https:\/\/www.baketa.fr\/wp-content\/uploads\/2024\/04\/Jean-Baptiste-Bacchetta-agent-vignerons-bio-biodynamie-768x1024.jpg\" class=\"attachment-large size-large wp-image-348\" alt=\"\" srcset=\"https:\/\/www.baketa.fr\/wp-content\/uploads\/2024\/04\/Jean-Baptiste-Bacchetta-agent-vignerons-bio-biodynamie-768x1024.jpg 768w, https:\/\/www.baketa.fr\/wp-content\/uploads\/2024\/04\/Jean-Baptiste-Bacchetta-agent-vignerons-bio-biodynamie-225x300.jpg 225w, https:\/\/www.baketa.fr\/wp-content\/uploads\/2024\/04\/Jean-Baptiste-Bacchetta-agent-vignerons-bio-biodynamie-1152x1536.jpg 1152w, https:\/\/www.baketa.fr\/wp-content\/uploads\/2024\/04\/Jean-Baptiste-Bacchetta-agent-vignerons-bio-biodynamie-1536x2048.jpg 1536w, https:\/\/www.baketa.fr\/wp-content\/uploads\/2024\/04\/Jean-Baptiste-Bacchetta-agent-vignerons-bio-biodynamie-1568x2091.jpg 1568w, https:\/\/www.baketa.fr\/wp-content\/uploads\/2024\/04\/Jean-Baptiste-Bacchetta-agent-vignerons-bio-biodynamie-scaled.jpg 1920w\" sizes=\"(max-width: 750px) 100vw, 750px\" style=\"width:100%;height:133.33%;max-width:1920px\" \/>\t\t\t\t\t\t\t\t\t\t\t\t\t<\/div>\n\t\t\t\t<\/div>\n\t\t\t\t\t<\/div>\n\t\t<\/div>\n\t\t\t\t\t<\/div>\n\t\t<\/section>\n\t\t\t\t<section class=\"elementor-section elementor-inner-section elementor-element elementor-element-5e3cc3a elementor-section-boxed elementor-section-height-default elementor-section-height-default\" data-id=\"5e3cc3a\" data-element_type=\"section\">\n\t\t\t\t\t\t<div class=\"elementor-container elementor-column-gap-default\">\n\t\t\t\t\t<div class=\"elementor-column elementor-col-20 elementor-inner-column elementor-element elementor-element-000b69d\" data-id=\"000b69d\" data-element_type=\"column\">\n\t\t\t<div class=\"elementor-widget-wrap elementor-element-populated\">\n\t\t\t\t\t\t<div class=\"elementor-element elementor-element-29d852e elementor-widget elementor-widget-heading\" data-id=\"29d852e\" data-element_type=\"widget\" data-widget_type=\"heading.default\">\n\t\t\t\t<div class=\"elementor-widget-container\">\n\t\t\t<h3 class=\"elementor-heading-title elementor-size-default\">E-MAIL<\/h3>\t\t<\/div>\n\t\t\t\t<\/div>\n\t\t\t\t<div class=\"elementor-element elementor-element-b4f5bd3 elementor-widget elementor-widget-text-editor\" data-id=\"b4f5bd3\" data-element_type=\"widget\" data-widget_type=\"text-editor.default\">\n\t\t\t\t<div class=\"elementor-widget-container\">\n\t\t\t\t\t\t\t<p>jb.bacchetta@gmail.com<\/p>\t\t\t\t\t\t<\/div>\n\t\t\t\t<\/div>\n\t\t\t\t\t<\/div>\n\t\t<\/div>\n\t\t\t\t<div class=\"elementor-column elementor-col-20 elementor-inner-column elementor-element elementor-element-85c7483\" data-id=\"85c7483\" data-element_type=\"column\">\n\t\t\t<div class=\"elementor-widget-wrap elementor-element-populated\">\n\t\t\t\t\t\t<div class=\"elementor-element elementor-element-c0cc13e elementor-widget elementor-widget-heading\" data-id=\"c0cc13e\" data-element_type=\"widget\" data-widget_type=\"heading.default\">\n\t\t\t\t<div class=\"elementor-widget-container\">\n\t\t\t<h3 class=\"elementor-heading-title elementor-size-default\">T\u00c9L\u00c9PHONE<\/h3>\t\t<\/div>\n\t\t\t\t<\/div>\n\t\t\t\t<div class=\"elementor-element elementor-element-bbf035f elementor-widget elementor-widget-text-editor\" data-id=\"bbf035f\" data-element_type=\"widget\" data-widget_type=\"text-editor.default\">\n\t\t\t\t<div class=\"elementor-widget-container\">\n\t\t\t\t\t\t\t<p>+33.6.78.52.61.15<\/p>\t\t\t\t\t\t<\/div>\n\t\t\t\t<\/div>\n\t\t\t\t\t<\/div>\n\t\t<\/div>\n\t\t\t\t<div class=\"elementor-column elementor-col-20 elementor-inner-column elementor-element elementor-element-49d0446\" data-id=\"49d0446\" data-element_type=\"column\">\n\t\t\t<div class=\"elementor-widget-wrap elementor-element-populated\">\n\t\t\t\t\t\t<div class=\"elementor-element elementor-element-1a2475d elementor-widget__width-inherit elementor-widget elementor-widget-heading\" data-id=\"1a2475d\" data-element_type=\"widget\" data-widget_type=\"heading.default\">\n\t\t\t\t<div class=\"elementor-widget-container\">\n\t\t\t<h3 class=\"elementor-heading-title elementor-size-default\">INSTAGRAM<\/h3>\t\t<\/div>\n\t\t\t\t<\/div>\n\t\t\t\t<div class=\"elementor-element elementor-element-404be62 elementor-widget elementor-widget-text-editor\" data-id=\"404be62\" data-element_type=\"widget\" data-widget_type=\"text-editor.default\">\n\t\t\t\t<div class=\"elementor-widget-container\">\n\t\t\t\t\t\t\t<p><a href=\"https:\/\/www.instagram.com\/jb_baketa\/\">@jb_baketa<\/a><\/p>\t\t\t\t\t\t<\/div>\n\t\t\t\t<\/div>\n\t\t\t\t\t<\/div>\n\t\t<\/div>\n\t\t\t\t<div class=\"elementor-column elementor-col-20 elementor-inner-column elementor-element elementor-element-d529f51\" data-id=\"d529f51\" data-element_type=\"column\">\n\t\t\t<div class=\"elementor-widget-wrap\">\n\t\t\t\t\t\t\t<\/div>\n\t\t<\/div>\n\t\t\t\t<div class=\"elementor-column elementor-col-20 elementor-inner-column elementor-element elementor-element-78f73dd\" data-id=\"78f73dd\" data-element_type=\"column\">\n\t\t\t<div class=\"elementor-widget-wrap\">\n\t\t\t\t\t\t\t<\/div>\n\t\t<\/div>\n\t\t\t\t\t<\/div>\n\t\t<\/section>\n\t\t\t\t<\/div>\n\t\t","protected":false},"excerpt":{"rendered":"<p>Contactez-moi Vous \u00eates un restaurateur ou un caviste parisien ? Vous recherchez des vins d&rsquo;exception pour vos clients ? Contactez-moi d\u00e8s aujourd&rsquo;hui pour d\u00e9couvrir ma s\u00e9lection et convenir d&rsquo;un rendez-vous de d\u00e9gustation. Vous \u00eates un vigneron en bio ou en biodynamie ? Vous souhaitez distribuer vos vins sur Paris et sa petite couronne de fa\u00e7on&hellip; <a class=\"more-link\" href=\"https:\/\/www.baketa.fr\/index.php\/contact\/\">Poursuivre la lecture <span class=\"screen-reader-text\">CONTACT<\/span><\/a><\/p>\n","protected":false},"author":1,"featured_media":0,"parent":0,"menu_order":0,"comment_status":"closed","ping_status":"closed","template":"","meta":{"footnotes":""},"class_list":["post-167","page","type-page","status-publish","hentry","entry"],"_links":{"self":[{"href":"https:\/\/www.baketa.fr\/index.php\/wp-json\/wp\/v2\/pages\/167","targetHints":{"allow":["GET"]}}],"collection":[{"href":"https:\/\/www.baketa.fr\/index.php\/wp-json\/wp\/v2\/pages"}],"about":[{"href":"https:\/\/www.baketa.fr\/index.php\/wp-json\/wp\/v2\/types\/page"}],"author":[{"embeddable":true,"href":"https:\/\/www.baketa.fr\/index.php\/wp-json\/wp\/v2\/users\/1"}],"replies":[{"embeddable":true,"href":"https:\/\/www.baketa.fr\/index.php\/wp-json\/wp\/v2\/comments?post=167"}],"version-history":[{"count":27,"href":"https:\/\/www.baketa.fr\/index.php\/wp-json\/wp\/v2\/pages\/167\/revisions"}],"predecessor-version":[{"id":382,"href":"https:\/\/www.baketa.fr\/index.php\/wp-json\/wp\/v2\/pages\/167\/revisions\/382"}],"wp:attachment":[{"href":"https:\/\/www.baketa.fr\/index.php\/wp-json\/wp\/v2\/media?parent=167"}],"curies":[{"name":"wp","href":"https:\/\/api.w.org\/{rel}","templated":true}]}}