{"id":389,"date":"2024-04-09T09:57:51","date_gmt":"2024-04-09T07:57:51","guid":{"rendered":"https:\/\/www.baketa.fr\/?page_id=389"},"modified":"2024-05-15T17:22:41","modified_gmt":"2024-05-15T15:22:41","slug":"jean-baptiste-bacchetta","status":"publish","type":"page","link":"https:\/\/www.baketa.fr\/index.php\/jean-baptiste-bacchetta\/","title":{"rendered":"QUI JE SUIS"},"content":{"rendered":"\t\t<div data-elementor-type=\"wp-page\" data-elementor-id=\"389\" class=\"elementor elementor-389\">\n\t\t\t\t\t\t<section class=\"elementor-section elementor-inner-section elementor-element elementor-element-6abe4aa elementor-section-boxed elementor-section-height-default elementor-section-height-default\" data-id=\"6abe4aa\" data-element_type=\"section\">\n\t\t\t\t\t\t<div class=\"elementor-container elementor-column-gap-default\">\n\t\t\t\t\t<div class=\"elementor-column elementor-col-66 elementor-inner-column elementor-element elementor-element-d8b85bc\" data-id=\"d8b85bc\" data-element_type=\"column\">\n\t\t\t<div class=\"elementor-widget-wrap elementor-element-populated\">\n\t\t\t\t\t\t<div class=\"elementor-element elementor-element-741cb59 elementor-widget elementor-widget-image\" data-id=\"741cb59\" data-element_type=\"widget\" data-widget_type=\"image.default\">\n\t\t\t\t<div class=\"elementor-widget-container\">\n\t\t\t<style>\/*! elementor - v3.20.0 - 26-03-2024 *\/\n.elementor-widget-image{text-align:center}.elementor-widget-image a{display:inline-block}.elementor-widget-image a img[src$=\".svg\"]{width:48px}.elementor-widget-image img{vertical-align:middle;display:inline-block}<\/style>\t\t\t\t\t\t\t\t\t\t<img fetchpriority=\"high\" decoding=\"async\" width=\"1920\" height=\"1920\" src=\"https:\/\/www.baketa.fr\/wp-content\/uploads\/2024\/04\/Baketa-Jean-Baptiste-Bacchetta-vin-cote-rotie-scaled-e1712648632724.jpg\" class=\"attachment-full size-full wp-image-394\" alt=\"\" srcset=\"https:\/\/www.baketa.fr\/wp-content\/uploads\/2024\/04\/Baketa-Jean-Baptiste-Bacchetta-vin-cote-rotie-scaled-e1712648632724.jpg 1920w, https:\/\/www.baketa.fr\/wp-content\/uploads\/2024\/04\/Baketa-Jean-Baptiste-Bacchetta-vin-cote-rotie-scaled-e1712648632724-300x300.jpg 300w, https:\/\/www.baketa.fr\/wp-content\/uploads\/2024\/04\/Baketa-Jean-Baptiste-Bacchetta-vin-cote-rotie-scaled-e1712648632724-1024x1024.jpg 1024w, https:\/\/www.baketa.fr\/wp-content\/uploads\/2024\/04\/Baketa-Jean-Baptiste-Bacchetta-vin-cote-rotie-scaled-e1712648632724-150x150.jpg 150w, https:\/\/www.baketa.fr\/wp-content\/uploads\/2024\/04\/Baketa-Jean-Baptiste-Bacchetta-vin-cote-rotie-scaled-e1712648632724-768x768.jpg 768w, https:\/\/www.baketa.fr\/wp-content\/uploads\/2024\/04\/Baketa-Jean-Baptiste-Bacchetta-vin-cote-rotie-scaled-e1712648632724-1536x1536.jpg 1536w, https:\/\/www.baketa.fr\/wp-content\/uploads\/2024\/04\/Baketa-Jean-Baptiste-Bacchetta-vin-cote-rotie-scaled-e1712648632724-1568x1568.jpg 1568w\" sizes=\"(max-width: 1920px) 100vw, 1920px\" style=\"width:100%;height:100%;max-width:1920px\" \/>\t\t\t\t\t\t\t\t\t\t\t\t\t<\/div>\n\t\t\t\t<\/div>\n\t\t\t\t\t<\/div>\n\t\t<\/div>\n\t\t\t\t<div class=\"elementor-column elementor-col-33 elementor-inner-column elementor-element elementor-element-c33e1b9\" data-id=\"c33e1b9\" data-element_type=\"column\">\n\t\t\t<div class=\"elementor-widget-wrap elementor-element-populated\">\n\t\t\t\t\t\t<div class=\"elementor-element elementor-element-4c81d6b elementor-widget elementor-widget-heading\" data-id=\"4c81d6b\" data-element_type=\"widget\" data-widget_type=\"heading.default\">\n\t\t\t\t<div class=\"elementor-widget-container\">\n\t\t\t<style>\/*! elementor - v3.20.0 - 26-03-2024 *\/\n.elementor-heading-title{padding:0;margin:0;line-height:1}.elementor-widget-heading .elementor-heading-title[class*=elementor-size-]>a{color:inherit;font-size:inherit;line-height:inherit}.elementor-widget-heading .elementor-heading-title.elementor-size-small{font-size:15px}.elementor-widget-heading .elementor-heading-title.elementor-size-medium{font-size:19px}.elementor-widget-heading .elementor-heading-title.elementor-size-large{font-size:29px}.elementor-widget-heading .elementor-heading-title.elementor-size-xl{font-size:39px}.elementor-widget-heading .elementor-heading-title.elementor-size-xxl{font-size:59px}<\/style><h2 class=\"elementor-heading-title elementor-size-default\">C'est le vin qui m'a trouv\u00e9<\/h2>\t\t<\/div>\n\t\t\t\t<\/div>\n\t\t\t\t<div class=\"elementor-element elementor-element-d0733ac elementor-widget elementor-widget-text-editor\" data-id=\"d0733ac\" data-element_type=\"widget\" data-widget_type=\"text-editor.default\">\n\t\t\t\t<div class=\"elementor-widget-container\">\n\t\t\t<style>\/*! elementor - v3.20.0 - 26-03-2024 *\/\n.elementor-widget-text-editor.elementor-drop-cap-view-stacked .elementor-drop-cap{background-color:#69727d;color:#fff}.elementor-widget-text-editor.elementor-drop-cap-view-framed .elementor-drop-cap{color:#69727d;border:3px solid;background-color:transparent}.elementor-widget-text-editor:not(.elementor-drop-cap-view-default) .elementor-drop-cap{margin-top:8px}.elementor-widget-text-editor:not(.elementor-drop-cap-view-default) .elementor-drop-cap-letter{width:1em;height:1em}.elementor-widget-text-editor .elementor-drop-cap{float:left;text-align:center;line-height:1;font-size:50px}.elementor-widget-text-editor .elementor-drop-cap-letter{display:inline-block}<\/style>\t\t\t\t<p>C\u2019est par hasard que j\u2019ai mis un premier pied dans le monde du vin en 2008,<\/p><p>et par gourmandise que j\u2019y ai pos\u00e9 le deuxi\u00e8me.<\/p>\t\t\t\t\t\t<\/div>\n\t\t\t\t<\/div>\n\t\t\t\t<div class=\"elementor-element elementor-element-7c2cf4d elementor-widget elementor-widget-spacer\" data-id=\"7c2cf4d\" data-element_type=\"widget\" data-widget_type=\"spacer.default\">\n\t\t\t\t<div class=\"elementor-widget-container\">\n\t\t\t<style>\/*! elementor - v3.20.0 - 26-03-2024 *\/\n.elementor-column .elementor-spacer-inner{height:var(--spacer-size)}.e-con{--container-widget-width:100%}.e-con-inner>.elementor-widget-spacer,.e-con>.elementor-widget-spacer{width:var(--container-widget-width,var(--spacer-size));--align-self:var(--container-widget-align-self,initial);--flex-shrink:0}.e-con-inner>.elementor-widget-spacer>.elementor-widget-container,.e-con>.elementor-widget-spacer>.elementor-widget-container{height:100%;width:100%}.e-con-inner>.elementor-widget-spacer>.elementor-widget-container>.elementor-spacer,.e-con>.elementor-widget-spacer>.elementor-widget-container>.elementor-spacer{height:100%}.e-con-inner>.elementor-widget-spacer>.elementor-widget-container>.elementor-spacer>.elementor-spacer-inner,.e-con>.elementor-widget-spacer>.elementor-widget-container>.elementor-spacer>.elementor-spacer-inner{height:var(--container-widget-height,var(--spacer-size))}.e-con-inner>.elementor-widget-spacer.elementor-widget-empty,.e-con>.elementor-widget-spacer.elementor-widget-empty{position:relative;min-height:22px;min-width:22px}.e-con-inner>.elementor-widget-spacer.elementor-widget-empty .elementor-widget-empty-icon,.e-con>.elementor-widget-spacer.elementor-widget-empty .elementor-widget-empty-icon{position:absolute;top:0;bottom:0;left:0;right:0;margin:auto;padding:0;width:22px;height:22px}<\/style>\t\t<div class=\"elementor-spacer\">\n\t\t\t<div class=\"elementor-spacer-inner\"><\/div>\n\t\t<\/div>\n\t\t\t\t<\/div>\n\t\t\t\t<\/div>\n\t\t\t\t\t<\/div>\n\t\t<\/div>\n\t\t\t\t\t<\/div>\n\t\t<\/section>\n\t\t\t\t<section class=\"elementor-section elementor-inner-section elementor-element elementor-element-ce401ed elementor-section-boxed elementor-section-height-default elementor-section-height-default\" data-id=\"ce401ed\" data-element_type=\"section\">\n\t\t\t\t\t\t<div class=\"elementor-container elementor-column-gap-default\">\n\t\t\t\t\t<div class=\"elementor-column elementor-col-33 elementor-inner-column elementor-element elementor-element-1671afe\" data-id=\"1671afe\" data-element_type=\"column\">\n\t\t\t<div class=\"elementor-widget-wrap elementor-element-populated\">\n\t\t\t\t\t\t<div class=\"elementor-element elementor-element-45958b3 elementor-widget__width-initial elementor-widget elementor-widget-heading\" data-id=\"45958b3\" data-element_type=\"widget\" data-widget_type=\"heading.default\">\n\t\t\t\t<div class=\"elementor-widget-container\">\n\t\t\t<h2 class=\"elementor-heading-title elementor-size-default\">Exp\u00e9rience<\/h2>\t\t<\/div>\n\t\t\t\t<\/div>\n\t\t\t\t<div class=\"elementor-element elementor-element-2c143af elementor-widget__width-initial elementor-widget elementor-widget-text-editor\" data-id=\"2c143af\" data-element_type=\"widget\" data-widget_type=\"text-editor.default\">\n\t\t\t\t<div class=\"elementor-widget-container\">\n\t\t\t\t\t\t\t<p>Si le vin a toujours fait partie de ma vie, car mes parents en sont amateurs, je ne pensais pas en faire mon m\u00e9tier \u00e9tant petit. Mes \u00e9tudes m\u2019ont en effet conduit dans le commerce &amp; le monde d\u2019internet. Cependant, j\u2019\u00e9tais d\u00e9j\u00e0 sensible aux bons produits, bio et de terroir.<\/p>\t\t\t\t\t\t<\/div>\n\t\t\t\t<\/div>\n\t\t\t\t\t<\/div>\n\t\t<\/div>\n\t\t\t\t<div class=\"elementor-column elementor-col-66 elementor-inner-column elementor-element elementor-element-441f205\" data-id=\"441f205\" data-element_type=\"column\">\n\t\t\t<div class=\"elementor-widget-wrap elementor-element-populated\">\n\t\t\t\t\t\t<div class=\"elementor-element elementor-element-4f3ecfa elementor-widget elementor-widget-heading\" data-id=\"4f3ecfa\" data-element_type=\"widget\" data-widget_type=\"heading.default\">\n\t\t\t\t<div class=\"elementor-widget-container\">\n\t\t\t<h3 class=\"elementor-heading-title elementor-size-default\">AUSTRALIE<\/h3>\t\t<\/div>\n\t\t\t\t<\/div>\n\t\t\t\t<div class=\"elementor-element elementor-element-2aa791f elementor-widget__width-initial elementor-widget elementor-widget-text-editor\" data-id=\"2aa791f\" data-element_type=\"widget\" data-widget_type=\"text-editor.default\">\n\t\t\t\t<div class=\"elementor-widget-container\">\n\t\t\t\t\t\t\t<p>C\u2019est lors d\u2019un long s\u00e9jour en Australie, o\u00f9 je me suis install\u00e9 plusieurs mois en 2008, que je suis tomb\u00e9 dans la marmite de potion magique ! Plus pr\u00e9cis\u00e9ment au Gazebo Wine Garden \u00e0 Sydney, o\u00f9 j\u2019ai \u00e9t\u00e9 barman et ai entam\u00e9 mon initiation au vin.<\/p>\t\t\t\t\t\t<\/div>\n\t\t\t\t<\/div>\n\t\t\t\t<div class=\"elementor-element elementor-element-3ce7583 elementor-widget elementor-widget-heading\" data-id=\"3ce7583\" data-element_type=\"widget\" data-widget_type=\"heading.default\">\n\t\t\t\t<div class=\"elementor-widget-container\">\n\t\t\t<h3 class=\"elementor-heading-title elementor-size-default\">PARIS &amp; LA VALL\u00c9E DU RH\u00d4NE<\/h3>\t\t<\/div>\n\t\t\t\t<\/div>\n\t\t\t\t<div class=\"elementor-element elementor-element-d8d9b67 elementor-widget__width-initial elementor-widget elementor-widget-text-editor\" data-id=\"d8d9b67\" data-element_type=\"widget\" data-widget_type=\"text-editor.default\">\n\t\t\t\t<div class=\"elementor-widget-container\">\n\t\t\t\t\t\t\t<p>De retour en France en 2010, j\u2019ai commenc\u00e9 la distribution aux professionnels parisiens pour un importateur de vins \u00e9trangers, puis ai travaill\u00e9 au sein d\u2019une grande maison de la Vall\u00e9e du Rh\u00f4ne o\u00f9 j\u2019ai enrichi cette expertise pendant 7 ans en d\u00e9veloppant mes connaissances sur la biodynamie.<\/p>\t\t\t\t\t\t<\/div>\n\t\t\t\t<\/div>\n\t\t\t\t<div class=\"elementor-element elementor-element-ac1f0ea elementor-widget elementor-widget-heading\" data-id=\"ac1f0ea\" data-element_type=\"widget\" data-widget_type=\"heading.default\">\n\t\t\t\t<div class=\"elementor-widget-container\">\n\t\t\t<h3 class=\"elementor-heading-title elementor-size-default\">CR\u00c9ATION DE MON AGENCE<\/h3>\t\t<\/div>\n\t\t\t\t<\/div>\n\t\t\t\t<div class=\"elementor-element elementor-element-1051394 elementor-widget__width-initial elementor-widget elementor-widget-text-editor\" data-id=\"1051394\" data-element_type=\"widget\" data-widget_type=\"text-editor.default\">\n\t\t\t\t<div class=\"elementor-widget-container\">\n\t\t\t\t\t\t\t<p>J\u2019ai cr\u00e9\u00e9 mon agence d\u00e9but 2019 et depuis, j\u2019ai le plaisir de composer ma propre carte, de l\u2019enrichir de domaines \u00e0 taille humaine et de vins d\u2019excellence qui me parlent et me ressemblent. Des vins de terroir, ambassadeurs du lieu o\u00f9 ils sont n\u00e9s. Des vins issus d\u2019une viticulture durable, produits par des vignerons authentiques au savoir-faire incroyable, avec lesquels la relation humaine est conviviale et enrichissante.<\/p>\t\t\t\t\t\t<\/div>\n\t\t\t\t<\/div>\n\t\t\t\t\t<\/div>\n\t\t<\/div>\n\t\t\t\t\t<\/div>\n\t\t<\/section>\n\t\t\t\t<section class=\"elementor-section elementor-inner-section elementor-element elementor-element-2c42365 elementor-section-boxed elementor-section-height-default elementor-section-height-default\" data-id=\"2c42365\" data-element_type=\"section\">\n\t\t\t\t\t\t<div class=\"elementor-container elementor-column-gap-default\">\n\t\t\t\t\t<div class=\"elementor-column elementor-col-100 elementor-inner-column elementor-element elementor-element-2b40c58\" data-id=\"2b40c58\" data-element_type=\"column\">\n\t\t\t<div class=\"elementor-widget-wrap elementor-element-populated\">\n\t\t\t\t\t\t<div class=\"elementor-element elementor-element-0aa8ebe elementor-widget elementor-widget-image\" data-id=\"0aa8ebe\" data-element_type=\"widget\" data-widget_type=\"image.default\">\n\t\t\t\t<div class=\"elementor-widget-container\">\n\t\t\t\t\t\t\t\t\t\t\t\t\t<img decoding=\"async\" width=\"1366\" height=\"768\" src=\"https:\/\/www.baketa.fr\/wp-content\/uploads\/2024\/05\/BAKETA-Bacchetta-vin-corton-bio-biodynamie.png\" class=\"attachment-full size-full wp-image-449\" alt=\"BAKETA vin corton bio biodynamie\" srcset=\"https:\/\/www.baketa.fr\/wp-content\/uploads\/2024\/05\/BAKETA-Bacchetta-vin-corton-bio-biodynamie.png 1366w, https:\/\/www.baketa.fr\/wp-content\/uploads\/2024\/05\/BAKETA-Bacchetta-vin-corton-bio-biodynamie-300x169.png 300w, https:\/\/www.baketa.fr\/wp-content\/uploads\/2024\/05\/BAKETA-Bacchetta-vin-corton-bio-biodynamie-1024x576.png 1024w, https:\/\/www.baketa.fr\/wp-content\/uploads\/2024\/05\/BAKETA-Bacchetta-vin-corton-bio-biodynamie-768x432.png 768w\" sizes=\"(max-width: 1366px) 100vw, 1366px\" style=\"width:100%;height:56.22%;max-width:1366px\" \/>\t\t\t\t\t\t\t\t\t\t\t\t\t<\/div>\n\t\t\t\t<\/div>\n\t\t\t\t\t<\/div>\n\t\t<\/div>\n\t\t\t\t\t<\/div>\n\t\t<\/section>\n\t\t\t\t<section class=\"elementor-section elementor-inner-section elementor-element elementor-element-6063228 elementor-section-boxed elementor-section-height-default elementor-section-height-default\" data-id=\"6063228\" data-element_type=\"section\">\n\t\t\t\t\t\t<div class=\"elementor-container elementor-column-gap-default\">\n\t\t\t\t\t<div class=\"elementor-column elementor-col-33 elementor-inner-column elementor-element elementor-element-2f40afd\" data-id=\"2f40afd\" data-element_type=\"column\">\n\t\t\t<div class=\"elementor-widget-wrap elementor-element-populated\">\n\t\t\t\t\t\t<div class=\"elementor-element elementor-element-27d5a2d elementor-widget__width-initial elementor-widget elementor-widget-heading\" data-id=\"27d5a2d\" data-element_type=\"widget\" data-widget_type=\"heading.default\">\n\t\t\t\t<div class=\"elementor-widget-container\">\n\t\t\t<h2 class=\"elementor-heading-title elementor-size-default\">Travaillons ensemble<\/h2>\t\t<\/div>\n\t\t\t\t<\/div>\n\t\t\t\t<div class=\"elementor-element elementor-element-5d190ea elementor-widget__width-initial elementor-widget elementor-widget-text-editor\" data-id=\"5d190ea\" data-element_type=\"widget\" data-widget_type=\"text-editor.default\">\n\t\t\t\t<div class=\"elementor-widget-container\">\n\t\t\t\t\t\t\t<p><b><br><\/b><\/p><p><b>Vous \u00eates un restaurateur ou un caviste parisien ?<\/b><\/p>\n<p><b><br><\/b><\/p>\n<p>Vous recherchez des vins d&rsquo;exception pour vos clients ? Contactez-moi d\u00e8s aujourd&rsquo;hui pour d\u00e9couvrir ma s\u00e9lection et convenir d&rsquo;un rendez-vous de d\u00e9gustation.<\/p>\n<p><b><br><\/b><\/p>\n<p><b>Vous \u00eates un vigneron en bio ou en biodynamie ?<\/b><\/p>\n<p><b><br><\/b><\/p>\n<p>Vous souhaitez distribuer vos vins sur Paris et sa petite couronne de fa\u00e7on s\u00e9lective et qualitative ? Je suis attentif et \u00e0 la recherche du prochain coup de c\u0153ur pour enrichir ma s\u00e9lection. Contactez-moi pour en savoir plus.<\/p>\t\t\t\t\t\t<\/div>\n\t\t\t\t<\/div>\n\t\t\t\t\t<\/div>\n\t\t<\/div>\n\t\t\t\t<div class=\"elementor-column elementor-col-66 elementor-inner-column elementor-element elementor-element-952c3dd\" data-id=\"952c3dd\" data-element_type=\"column\">\n\t\t\t<div class=\"elementor-widget-wrap elementor-element-populated\">\n\t\t\t\t\t\t<div class=\"elementor-element elementor-element-483ba90 elementor-widget__width-inherit elementor-widget elementor-widget-image\" data-id=\"483ba90\" data-element_type=\"widget\" data-widget_type=\"image.default\">\n\t\t\t\t<div class=\"elementor-widget-container\">\n\t\t\t\t\t\t\t\t\t\t\t\t\t<img decoding=\"async\" width=\"750\" height=\"1000\" src=\"https:\/\/www.baketa.fr\/wp-content\/uploads\/2024\/04\/Jean-Baptiste-Bacchetta-agent-vignerons-bio-biodynamie-768x1024.jpg\" class=\"attachment-large size-large wp-image-348\" alt=\"\" srcset=\"https:\/\/www.baketa.fr\/wp-content\/uploads\/2024\/04\/Jean-Baptiste-Bacchetta-agent-vignerons-bio-biodynamie-768x1024.jpg 768w, https:\/\/www.baketa.fr\/wp-content\/uploads\/2024\/04\/Jean-Baptiste-Bacchetta-agent-vignerons-bio-biodynamie-225x300.jpg 225w, https:\/\/www.baketa.fr\/wp-content\/uploads\/2024\/04\/Jean-Baptiste-Bacchetta-agent-vignerons-bio-biodynamie-1152x1536.jpg 1152w, https:\/\/www.baketa.fr\/wp-content\/uploads\/2024\/04\/Jean-Baptiste-Bacchetta-agent-vignerons-bio-biodynamie-1536x2048.jpg 1536w, https:\/\/www.baketa.fr\/wp-content\/uploads\/2024\/04\/Jean-Baptiste-Bacchetta-agent-vignerons-bio-biodynamie-1568x2091.jpg 1568w, https:\/\/www.baketa.fr\/wp-content\/uploads\/2024\/04\/Jean-Baptiste-Bacchetta-agent-vignerons-bio-biodynamie-scaled.jpg 1920w\" sizes=\"(max-width: 750px) 100vw, 750px\" style=\"width:100%;height:133.33%;max-width:1920px\" \/>\t\t\t\t\t\t\t\t\t\t\t\t\t<\/div>\n\t\t\t\t<\/div>\n\t\t\t\t\t<\/div>\n\t\t<\/div>\n\t\t\t\t\t<\/div>\n\t\t<\/section>\n\t\t\t\t<section class=\"elementor-section elementor-inner-section elementor-element elementor-element-900c276 elementor-section-boxed elementor-section-height-default elementor-section-height-default\" data-id=\"900c276\" data-element_type=\"section\">\n\t\t\t\t\t\t<div class=\"elementor-container elementor-column-gap-default\">\n\t\t\t\t\t<div class=\"elementor-column elementor-col-20 elementor-inner-column elementor-element elementor-element-c1346a0\" data-id=\"c1346a0\" data-element_type=\"column\">\n\t\t\t<div class=\"elementor-widget-wrap elementor-element-populated\">\n\t\t\t\t\t\t<div class=\"elementor-element elementor-element-d41c350 elementor-widget elementor-widget-heading\" data-id=\"d41c350\" data-element_type=\"widget\" data-widget_type=\"heading.default\">\n\t\t\t\t<div class=\"elementor-widget-container\">\n\t\t\t<h3 class=\"elementor-heading-title elementor-size-default\">E-MAIL<\/h3>\t\t<\/div>\n\t\t\t\t<\/div>\n\t\t\t\t<div class=\"elementor-element elementor-element-14d8580 elementor-widget elementor-widget-text-editor\" data-id=\"14d8580\" data-element_type=\"widget\" data-widget_type=\"text-editor.default\">\n\t\t\t\t<div class=\"elementor-widget-container\">\n\t\t\t\t\t\t\t<p>jb.bacchetta@gmail.com<\/p>\t\t\t\t\t\t<\/div>\n\t\t\t\t<\/div>\n\t\t\t\t\t<\/div>\n\t\t<\/div>\n\t\t\t\t<div class=\"elementor-column elementor-col-20 elementor-inner-column elementor-element elementor-element-905840a\" data-id=\"905840a\" data-element_type=\"column\">\n\t\t\t<div class=\"elementor-widget-wrap elementor-element-populated\">\n\t\t\t\t\t\t<div class=\"elementor-element elementor-element-01e0630 elementor-widget elementor-widget-heading\" data-id=\"01e0630\" data-element_type=\"widget\" data-widget_type=\"heading.default\">\n\t\t\t\t<div class=\"elementor-widget-container\">\n\t\t\t<h3 class=\"elementor-heading-title elementor-size-default\">T\u00c9L\u00c9PHONE<\/h3>\t\t<\/div>\n\t\t\t\t<\/div>\n\t\t\t\t<div class=\"elementor-element elementor-element-eda60ef elementor-widget elementor-widget-text-editor\" data-id=\"eda60ef\" data-element_type=\"widget\" data-widget_type=\"text-editor.default\">\n\t\t\t\t<div class=\"elementor-widget-container\">\n\t\t\t\t\t\t\t<p>+33.6.78.52.61.15<\/p>\t\t\t\t\t\t<\/div>\n\t\t\t\t<\/div>\n\t\t\t\t\t<\/div>\n\t\t<\/div>\n\t\t\t\t<div class=\"elementor-column elementor-col-20 elementor-inner-column elementor-element elementor-element-84457cd\" data-id=\"84457cd\" data-element_type=\"column\">\n\t\t\t<div class=\"elementor-widget-wrap elementor-element-populated\">\n\t\t\t\t\t\t<div class=\"elementor-element elementor-element-932815f elementor-widget__width-inherit elementor-widget elementor-widget-heading\" data-id=\"932815f\" data-element_type=\"widget\" data-widget_type=\"heading.default\">\n\t\t\t\t<div class=\"elementor-widget-container\">\n\t\t\t<h3 class=\"elementor-heading-title elementor-size-default\">INSTAGRAM<\/h3>\t\t<\/div>\n\t\t\t\t<\/div>\n\t\t\t\t<div class=\"elementor-element elementor-element-f56739c elementor-widget elementor-widget-text-editor\" data-id=\"f56739c\" data-element_type=\"widget\" data-widget_type=\"text-editor.default\">\n\t\t\t\t<div class=\"elementor-widget-container\">\n\t\t\t\t\t\t\t<p><a href=\"https:\/\/www.instagram.com\/jb_baketa\/\">@jb_baketa<\/a><\/p>\t\t\t\t\t\t<\/div>\n\t\t\t\t<\/div>\n\t\t\t\t\t<\/div>\n\t\t<\/div>\n\t\t\t\t<div class=\"elementor-column elementor-col-20 elementor-inner-column elementor-element elementor-element-3a5dbab\" data-id=\"3a5dbab\" data-element_type=\"column\">\n\t\t\t<div class=\"elementor-widget-wrap\">\n\t\t\t\t\t\t\t<\/div>\n\t\t<\/div>\n\t\t\t\t<div class=\"elementor-column elementor-col-20 elementor-inner-column elementor-element elementor-element-998916a\" data-id=\"998916a\" data-element_type=\"column\">\n\t\t\t<div class=\"elementor-widget-wrap\">\n\t\t\t\t\t\t\t<\/div>\n\t\t<\/div>\n\t\t\t\t\t<\/div>\n\t\t<\/section>\n\t\t\t\t<\/div>\n\t\t","protected":false},"excerpt":{"rendered":"<p>C&rsquo;est le vin qui m&rsquo;a trouv\u00e9 C\u2019est par hasard que j\u2019ai mis un premier pied dans le monde du vin en 2008, et par gourmandise que j\u2019y ai pos\u00e9 le deuxi\u00e8me. Exp\u00e9rience Si le vin a toujours fait partie de ma vie, car mes parents en sont amateurs, je ne pensais pas en faire mon&hellip; <a class=\"more-link\" href=\"https:\/\/www.baketa.fr\/index.php\/jean-baptiste-bacchetta\/\">Poursuivre la lecture <span class=\"screen-reader-text\">QUI JE SUIS<\/span><\/a><\/p>\n","protected":false},"author":1,"featured_media":0,"parent":0,"menu_order":0,"comment_status":"closed","ping_status":"closed","template":"","meta":{"footnotes":""},"class_list":["post-389","page","type-page","status-publish","hentry","entry"],"_links":{"self":[{"href":"https:\/\/www.baketa.fr\/index.php\/wp-json\/wp\/v2\/pages\/389","targetHints":{"allow":["GET"]}}],"collection":[{"href":"https:\/\/www.baketa.fr\/index.php\/wp-json\/wp\/v2\/pages"}],"about":[{"href":"https:\/\/www.baketa.fr\/index.php\/wp-json\/wp\/v2\/types\/page"}],"author":[{"embeddable":true,"href":"https:\/\/www.baketa.fr\/index.php\/wp-json\/wp\/v2\/users\/1"}],"replies":[{"embeddable":true,"href":"https:\/\/www.baketa.fr\/index.php\/wp-json\/wp\/v2\/comments?post=389"}],"version-history":[{"count":25,"href":"https:\/\/www.baketa.fr\/index.php\/wp-json\/wp\/v2\/pages\/389\/revisions"}],"predecessor-version":[{"id":452,"href":"https:\/\/www.baketa.fr\/index.php\/wp-json\/wp\/v2\/pages\/389\/revisions\/452"}],"wp:attachment":[{"href":"https:\/\/www.baketa.fr\/index.php\/wp-json\/wp\/v2\/media?parent=389"}],"curies":[{"name":"wp","href":"https:\/\/api.w.org\/{rel}","templated":true}]}}